{"id":8801,"date":"2015-04-13T19:02:43","date_gmt":"2015-04-13T19:02:43","guid":{"rendered":"http:\/\/www.monplatin.ee\/ostutingimused-2\/"},"modified":"2015-05-27T19:12:03","modified_gmt":"2015-05-27T19:12:03","slug":"ostutingimused","status":"publish","type":"page","link":"http:\/\/www.monplatin.ee\/ru\/ostutingimused\/","title":{"rendered":"\u0423\u0441\u043b\u043e\u0432\u0438\u044f \u043f\u043e\u043a\u0443\u043f\u043a\u0438"},"content":{"rendered":"<p><b>1.M\u00fc\u00fcgitingimuste kehtivus<\/b><br \/>\na) M\u00fc\u00fcgitingimused kehtivad Monplatin.ee veebipoe klientide (edaspidi Klient) ja Alektant O\u00dc (edaspidi Monplatin.ee) vahel kaupade ostmisel tekkivate \u00f5iguste ja kohustuste kohta.<br \/>\nb) Lisaks k\u00e4esolevatele tingimustele reguleerivad Monplatin.ee veebipoest toodete ostmisel tekkivaid \u00f5igussuhteid Eesti Vabariigis kehtivad \u00f5igusaktid.<br \/>\nc) Monplatin.ee j\u00e4tab endale \u00f5iguse teha muudatusi m\u00fc\u00fcgitingimustes ja m\u00fc\u00fcgihindades. Nimetatud muudatusi kajastatakse Monplatin.ee veebilehel.<\/p>\n<p><b>2. Hinnad<\/b><br \/>\na) Alektant O\u00dc ei ole k\u00e4ibemaksukohustlane<br \/>\nb) Teenuse osutajal on \u00f5igus igal ajal muuta e-poes kuvatavaid hindu. Kui e-poes on muudetud hindu peale Teenuse kasutaja poolt tellimuse esitamist ja selle eest tasumist, siis kohustub Teenuse osutaja tarnima kasutajale vastavad tooted tellimuse hetkel kehtinud hindadega. Teenuse kasutajal ei ole \u00f5igust n\u00f5uda hinnavahe kompenseerimist.<\/p>\n<p><b>3. Tooted ja ostu sooritamine<\/b><br \/>\na) E-poes kuvatavad tooted on tavap\u00e4raselt laos olemas. E-poes kuvatud toodete saadavus v\u00f5ib muutuda tehniliste probleemide t\u00f5ttu lao v\u00f5i E-poe programmides.<br \/>\nb) Kui toode puudub laost ning tellimust ei ole v\u00f5imalik t\u00e4ita, siis v\u00f5tab E-poe t\u00f6\u00f6taja kasutajaga \u00fchendust ning pakub v\u00e4lja v\u00f5imaliku uue tarneaja v\u00f5i toote asendamise samav\u00e4\u00e4rse teise tootega, mis on sama hinna ja kvaliteediga, v\u00f5i makstud raha tagastamise. Teenuse kasutajale tagastatakse raha viivitamatult, kuid mitte hiljem kui 30 p\u00e4eva jooksul p\u00e4rast tellimuse esitamist.<br \/>\nc) Kuvatud tootepildid on illustratiivse t\u00e4hendusega ning v\u00f5ivad erineda tegelikust tootest. E-poes olevad tootekirjeldused ei pruugi olla ammendavad ja v\u00f5ivad sisaldada tahtmatuid vigu.<br \/>\nd) E-poes pakutavaid tooteid m\u00fc\u00fcakse nii f\u00fc\u00fcsilistele isikutele kui juriidilistele isikutele.<br \/>\ne) Teenuse kasutaja kinnitab, et on v\u00e4hemalt 16 aastane.<br \/>\nf) Teenuse kasutaja valib v\u00e4lja soovitud tooted ning kohustub sisestama tellimuse t\u00e4itmiseks n\u00f5utud andmed (perekonnanimi, eesnimi, kontakttelefon, kontakt elektronposti aadress, k\u00e4ttetoimetamise aadress, postiindeks) ning tasub toodete eest panga\u00fclekandega tellimuse kinnituse alusel.<br \/>\nTeie tellimus t\u00fchistatakse juhul, kui Te ei ole 5 p\u00e4eva jooksul ostusummat tasunud.<br \/>\ng) Teenuse kasutaja kohustub esitama vormistamisel t\u00f5esed andmed, mis on vajalikud tellimuse t\u00e4itmiseks. Teenuse osutaja ei vastuta t\u00e4itmisel Teenuse kasutaja poolt esitatud ebakorrektsetest andmetest tingitud tellimuse mittet\u00e4itmise v\u00f5i mistahes sellest tulenevate tagaj\u00e4rgede eest.<br \/>\nh) M\u00fc\u00fck toimub siis, kui Teenuse kasutaja saatnud E-poe interneti lehe kaudu tellimuse ning on tellimuse eest tasunud.<\/p>\n<p><b>Ostukorv ja tellimuse vormistamine<\/b><br \/>\ni) Teie ostukorv luuakse hetkel, kui olete toote juures klikkinud lingile \u201eLisa korvi\u201c.<br \/>\nj) Ostukorvis olevate toodete arvu v\u00f5ite muuta. Samuti v\u00f5ite muuta toote tellitavat kogust. Tehtud muudatuse kinnitamiseks klikkige nupule \u201eSalvesta koguse muudatused\u201c. Tellimuse vormistamise j\u00e4tkamiseks klikkige lingile \u201eTelli\u201d. Teid suunatakse tellija andmete lehek\u00fcljele.<br \/>\nk) Tellija andmete lehel sisestage n\u00f5utavad andmed ning klikkige nupule \u201eEsita tellimus\u201d. Teid suunatakse tellimuse kinnituse ja makseviisi valiku lehek\u00fcljele.<br \/>\nl) Olge tellija andmete ja tellimuse kinnituse lehek\u00fclgedel olevate lahtrite t\u00e4itmisel t\u00e4helepanelik, sest selle informatsiooni t\u00e4psusest ja \u00f5igsusest s\u00f5ltub Teie poolt ostetud toodete kiire ja h\u00e4ireteta kohaletoimetamine.<br \/>\nm) Toodete m\u00fc\u00fcgileping loetakse s\u00f5lmituks (Lepingu j\u00f5ustumine) arvates tellimuskinnituse j\u00e4rgi tasumisele kuuluva summa laekumisest Alektant O\u00dc arvelduskontole.<\/p>\n<p><b>4.Tarneaeg ja kohaletoimetamise tingimused<\/b><br \/>\na) Tarneviisiks on\u00a0<a href=\"http:\/\/smartpost.ee\/pakkide-saatmine\/pakkide-liikumise-graafik\">SmartPOST<\/a><br \/>\nb) Tellitud kaupade \u00fcleandmine toimub vaid tellimuses m\u00e4rgitud Teenuse kasutajale isikut t\u00f5endava dokumendi esitamisel. Kolmandatele isikutele kauba \u00fcleandmine toimub ainult kokkuleppel Teenuse kasutajaga.<br \/>\nc) Tarneaeg on 2-3 t\u00f6\u00f6p\u00e4eva.<\/p>\n<p><b>5. Lepingust taganemine<\/b><br \/>\na) Kui Teenuse kasutaja soovib tellimuse esitamise j\u00e4rgselt ja enne lepingu osutaja poolset t\u00e4itmist lepingust taganeda, siis kohustub Teenuse kasutaja sellest v\u00f5imalikult kiiresti Teenuse osutajale kirjalikult teatama. Kirjalik teade tuleb saata elektronposti aadressil info@monplatin.ee E-maili tuleb m\u00e4rkida tellimuse number, millest soovitakse taganeda ning lisada Teenuse kasutaja kontaktandmed (eesnimi, perekonnanimi, tellimuse esitamise kuup\u00e4ev, kontakttelefon).<br \/>\nb) Kui taganemisavaldus j\u00f5uab Teenuse osutajani peale Teenuse osutaja poolset lepingu t\u00e4itmist, siis toimub lepingust taganemine vastavalt E-poe Kasutuslepingu peat\u00fckile \u201eTagastus\u00f5igus\u201d.<br \/>\nc) Teenuse osutaja kannab Teenuse kasutajale tasutud summa tagasi viivitamata, kuid mitte hiljem kui 30 p\u00e4eva jooksul alates lepingust taganemise teate k\u00e4tte saamisest.<br \/>\nd) Raha kantakse \u00fcle samale arvelduskontole, kust toimus selle laekumine Teenuse osutajale.<\/p>\n<p><b>6. Tagastus\u00f5igus<\/b><br \/>\na) E-poest ostetud kaupadele kehtib 14-p\u00e4evane tagastus\u00f5igus.<br \/>\nb) Tagastatav toode peab olema puuduseta, t\u00e4iskomplektne, originaalpakendis ja kasutamata.<br \/>\nc) Toote tagastamiseks tuleb esitada taganemisteade e-mailile info@monplatin.ee<br \/>\nd) Lepingust taganemisel tuleb tarbijal ostetud asi viivitamatult, kuid mitte hiljem kui 30 p\u00e4eva jooksul p\u00e4rast lepingust taganemisest teatamist, tagastada.<br \/>\ne) Tagastamisel kantakse Teenuse kasutajale raha tagasi viivitamata, kuid mitte hiljem kui 30 p\u00e4eva p\u00e4rast lepingust taganemise teate saamist.<br \/>\nf) Raha kantakse \u00fcle samale arvelduskontole, kust toimus selle laekumine Teenuse osutajale.<br \/>\ng) Teenuse kasutaja kohustub kandma kauba tagastuskulud 10 Euro ulatuses, v\u00e4lja arvatud juhul kui tagastamisele kuuluv toode ei vastanud tarbija tellimusele.<br \/>\nh) Juhul kui peale toote tagastamist ilmneb, et toode ei vasta E-poe Kasutuslepingu punktides a) \u2013 d) toodud tingimustele, siis raha Teenuse kasutajale ei tagastata ning tagastatud toode j\u00e4\u00e4b Teenuse osutaja juurde hoiule. Hoiustamise v\u00f5i Teenuse kasutajale toote tagastamisega seotud kulud katab Teenuse kasutaja.<\/p>\n<p><b>7. Garantii<\/b><br \/>\na) Teenuse osutaja vastutab tootjast tulenevate kaupade puuduste ja vigade eest 7 p\u00e4eva jooksul alates Teenuse kasutaja poolt kauba k\u00e4tte saamise kuup\u00e4evast.<br \/>\nb) Teenuse osutaja on kohustatud garantii aja jooksul tekkinud vead k\u00f5rvaldama. Juhul, kui vigade k\u00f5rvaldamine ei ole v\u00f5imalik, on Teenuse osutaja kohustatud kauba v\u00e4lja vahetama. Juhul, kui Teenuse osutajal puudub v\u00f5imalus kauba v\u00e4lja vahetamiseks, tagastab ta raha Kliendile.<br \/>\nc) Garantii ei kehti:<br \/>\nkui viga on tekitatud kauba valesti v\u00f5i sihip\u00e4ratust kasutamisest;<br \/>\nkui viga on tekkinud pakendi valesti avamisest;. kui viga on tekkinud kauba valest k\u00e4sitlemisest;<br \/>\nkui viga on tekkinud kauba tavap\u00e4rasest kulumisest;<br \/>\nkui originaal pakend on avatud v\u00f5i l\u00f5hutud;<\/p>\n<p><b>8. Isikuandmed ja nende kasutamine<\/b><br \/>\na) Teenuse kasutaja annab selge ja teadliku n\u00f5usoleku Teenuse osutajale enda isikuandmete t\u00f6\u00f6tlemiseks.<br \/>\nb) Tellimuse esitamisel kasutaja poolt sisestatud Teenuse osutajale teatavaks saanud Teenuse kasutaja isikuandmed kantakse kliendiregistrisse ning kasutatakse m\u00fc\u00fcgiteenuse osutamiseks ja kauba pakkumiseks Teenuse kasutajale.<br \/>\nc) Isikuandmete allikaks on kliendisuhte tekkimine E-poes tellimuse registreerimisel.<br \/>\nd) Registreeritavate isikuandmete koosseisu kuuluvad andmed Teenuse kasutaja tellimuse kohta &#8212; perekonnanimi, eesnimi (eesnimed), t\u00e4nav, maja, korteri number, asula v\u00f5i linn, postiindeks, telefoninumber, aadress, tarnimise viis, kasutatud makseviis, E-poe Kasutuslepinguga n\u00f5ustumine, m\u00fc\u00fcgipakkumiste saatmisega n\u00f5ustumine, elektronposti aadressil vabatekstina sisestatud m\u00e4rkused.<br \/>\ne) Isikuandmeid t\u00f6\u00f6tleb Alektant O\u00dc, registrikoodiga 12382449, aadress Papiniidu 35-71, P\u00e4rnu, 80022.<br \/>\nf) Teenuse kasutaja isikuandmeid, mis on vajalikud kauba vahendamiseks Teenuse kasutajale edastakse kulleriteenust osutavaile ettev\u00f5ttele.<br \/>\ng) Isikuandmete kaitse on tagatud k\u00f5igi seadusest tulenevate turvameetmetega.<br \/>\nh) Teenuse osutaja kohustub mitte edastama registreeritud isikuandmeid k\u00f5rvalistele isikutele.<br \/>\ni) Teenuse osutaja j\u00e4tab endale \u00f5iguse edastada Teenuse kasutajat puudutavaid isikuandmeid isikuile, kellel on selleks seaduslik \u00f5igus ning kes t\u00f6\u00f6tleb andmeid seadusega etten\u00e4htud kohustuse t\u00e4itmiseks ning isikuile, kellel on selleks seaduslik \u00f5igus ning see toimub Teenuse kasutaja v\u00f5i muu isiku elu, tervise v\u00f5i vabaduse kaitseks.<br \/>\nj) Teenuse kasutajal on \u00f5igus kontrollida teda ennast puudutavaid isikuandmeid samuti neid muuta v\u00f5i paluda k\u00f5rvaldada oma isikuandmed registrist.<br \/>\nk) Teenuse kasutaja annab Teenuse osutajale n\u00f5usoleku saata tellimuse esitamisel sisestatud elektronposti aadressil tellimuskinnituse.<br \/>\nl) Teenuse kasutaja annab Teenuse osutajale n\u00f5usoleku saata m\u00fc\u00fcgipakkumisi tellimuse esitamisel sisestud elektronposti aadressil juhul, kui on m\u00e4rkinud \u00e4ra vastava n\u00f5usoleku tellimuse esitamise lehel linnukesega vastavas aknas.<\/p>\n<p><b>9. Vastutus<\/b><br \/>\na) Teenuse osutajal lasub vastutus toote m\u00fc\u00fcgihinna ulatuses. Teenuse osutaja ei v\u00f5ta vastutust defektiga toodete poolt tekitatud kahjude eest nagu vara v\u00f5i informatsiooni kahjustumine, k\u00e4ibe v\u00f5i kasumi kaotamine.<br \/>\nb) Teenuse kasutaja kohustub kasutama E-poe teenust \u00fcksnes vastavalt seadusele ja headele tavadele tuginedes.<br \/>\nc) Teenuse kasutaja vastutab ise k\u00f5ikide kasutamist eeldavate seadmete tarkvara andmesides\u00fcsteemide muretsemise ja korrashoidmisega seotud ning samuti muude E-poe Teenuse kasutamisest p\u00f5hjustatud kulutuste eest.<br \/>\nd) Teenuse kasutaja vastutab t\u00e4ielikult E-poe Kasutuslepingu tingimuste vastasest ning seaduse v\u00f5i heade tavade vastasest E-poe kasutamisest tekkinud kahjude eest Teenuse osutajale, teistele Teenuse kasutajatele v\u00f5i kolmandatele isikutele.<\/p>\n<p><b>10. Kasutamistingimused<\/b><br \/>\na) Kasutuslepingus toodud tingimustega tutvumine on Teenuse kasutajale kohustuslik.<br \/>\nb) Tellimuse esitamisel m\u00e4rkides linnukesega vastavas aknas \u201eOlen tutvunud ja n\u00f5ustun tingimustega\u201d, n\u00f5ustub Teenuse kasutaja, et on tutvunud Kasutuslepingus toodud tingimustega, neist aru saanud ja n\u00f5ustub Kasutuslepingus toodud tingimustega.<br \/>\n<b>11. Muud tingimused<\/b><br \/>\na) K\u00e4esolevas Lepingus reguleerimata k\u00fcsimustes juhinduvad Teenuse kasutaja ja Teenuse osutaja Eesti Vabariigis kehtivast seadusandlusest ning pooltevahelisi suhteid reguleerivatest teistest aktidest.<br \/>\nb) K\u00e4esoleva Lepingu t\u00e4itmisest tulenevaid eriarvamusi ja vaidlusi lahendavad pooled eelk\u00f5ige l\u00e4bir\u00e4\u00e4kimiste teel. Kui Lepingust tulenevaid vaidlusi ei \u00f5nnestu poolte l\u00e4bir\u00e4\u00e4kimiste teel lahendada, on m\u00f5lemal poolel \u00f5igus p\u00f6\u00f6rduda oma \u00f5iguste kaitseks kohtusse.<\/p>\n","protected":false},"excerpt":{"rendered":"<p>1.M\u00fc\u00fcgitingimuste kehtivus a) M\u00fc\u00fcgitingimused kehtivad Monplatin.ee veebipoe klientide (edaspidi Klient) ja Alektant O\u00dc (edaspidi Monplatin.ee) vahel kaupade ostmisel tekkivate \u00f5iguste ja kohustuste kohta. b) Lisaks k\u00e4esolevatele tingimustele reguleerivad Monplatin.ee veebipoest toodete ostmisel tekkivaid \u00f5igussuhteid Eesti Vabariigis kehtivad \u00f5igusaktid. c) Monplatin.ee j\u00e4tab endale \u00f5iguse teha muudatusi m\u00fc\u00fcgitingimustes ja m\u00fc\u00fcgihindades. Nimetatud muudatusi kajastatakse Monplatin.ee veebilehel. 2. Hinnad [&#8230;]\n","protected":false},"author":1,"featured_media":0,"parent":0,"menu_order":0,"comment_status":"closed","ping_status":"open","template":"","meta":[],"_links":{"self":[{"href":"http:\/\/www.monplatin.ee\/ru\/wp-json\/wp\/v2\/pages\/8801"}],"collection":[{"href":"http:\/\/www.monplatin.ee\/ru\/wp-json\/wp\/v2\/pages"}],"about":[{"href":"http:\/\/www.monplatin.ee\/ru\/wp-json\/wp\/v2\/types\/page"}],"author":[{"embeddable":true,"href":"http:\/\/www.monplatin.ee\/ru\/wp-json\/wp\/v2\/users\/1"}],"replies":[{"embeddable":true,"href":"http:\/\/www.monplatin.ee\/ru\/wp-json\/wp\/v2\/comments?post=8801"}],"version-history":[{"count":3,"href":"http:\/\/www.monplatin.ee\/ru\/wp-json\/wp\/v2\/pages\/8801\/revisions"}],"predecessor-version":[{"id":9195,"href":"http:\/\/www.monplatin.ee\/ru\/wp-json\/wp\/v2\/pages\/8801\/revisions\/9195"}],"wp:attachment":[{"href":"http:\/\/www.monplatin.ee\/ru\/wp-json\/wp\/v2\/media?parent=8801"}],"curies":[{"name":"wp","href":"https:\/\/api.w.org\/{rel}","templated":true}]}}