{"id":9549,"date":"2024-10-09T08:55:12","date_gmt":"2024-10-09T08:55:12","guid":{"rendered":"http:\/\/www.monplatin.ee\/en\/?post_type=product&#038;p=9549"},"modified":"2024-10-09T08:55:13","modified_gmt":"2024-10-09T08:55:13","slug":"meeste-deodorant-80ml-blue-wave","status":"publish","type":"product","link":"http:\/\/www.monplatin.ee\/en\/product\/meeste-deodorant-80ml-blue-wave\/","title":{"rendered":"Meeste deodorant 80ml &#8211; Blue Wave"},"content":{"rendered":"","protected":false},"excerpt":{"rendered":"<p>P\u00f5hineb unikaalsel valemil, deodorandi toime on pikaaegne, takistab higistamist, neutraliseerib higi l\u00f5hna, annab nahale eluj\u00f5udu ja v\u00e4rskuse kogu p\u00e4evaks. Deodorant on meeldiva l\u00f5hnaga, ei m\u00e4\u00e4ri riideid, lihtne kasutada.<br \/>\nKasutamine: keerake kettakest, mis asub all pool ja m\u00e4\u00e4rida kaenla alla.<br \/>\nMitte kanda deodoranti vigastatud nahale.<\/p>\n","protected":false},"featured_media":9550,"comment_status":"open","ping_status":"closed","template":"","meta":[],"_links":{"self":[{"href":"http:\/\/www.monplatin.ee\/en\/wp-json\/wp\/v2\/product\/9549"}],"collection":[{"href":"http:\/\/www.monplatin.ee\/en\/wp-json\/wp\/v2\/product"}],"about":[{"href":"http:\/\/www.monplatin.ee\/en\/wp-json\/wp\/v2\/types\/product"}],"replies":[{"embeddable":true,"href":"http:\/\/www.monplatin.ee\/en\/wp-json\/wp\/v2\/comments?post=9549"}],"wp:featuredmedia":[{"embeddable":true,"href":"http:\/\/www.monplatin.ee\/en\/wp-json\/wp\/v2\/media\/9550"}],"wp:attachment":[{"href":"http:\/\/www.monplatin.ee\/en\/wp-json\/wp\/v2\/media?parent=9549"}],"curies":[{"name":"wp","href":"https:\/\/api.w.org\/{rel}","templated":true}]}}